{"id":98,"date":"2014-11-17T15:03:50","date_gmt":"2014-11-17T14:03:50","guid":{"rendered":"http:\/\/mcsi-incendie.fr\/?page_id=98"},"modified":"2014-11-19T09:16:20","modified_gmt":"2014-11-19T08:16:20","slug":"gamme-titan","status":"publish","type":"page","link":"http:\/\/mcsi-incendie.fr\/?page_id=98","title":{"rendered":"Gamme mobile Titan"},"content":{"rendered":"<p><strong> Andrieu<\/strong> propose son extincteur sur roues TITAN (25 \u00e0 100 kg), fabriqu\u00e9 en France. Maniable et d&rsquo;une efficacit\u00e9 redoutable, il est id\u00e9al pour les d\u00e9parts d&rsquo;incendie de taille significative ou de grande port\u00e9e.<\/p>\n<p>Issu d&rsquo;une conception s\u00fbre et efficace combin\u00e9e \u00e0 une haute technologie de fabrication, l&rsquo;<strong>extincteur mobile TITAN<\/strong> est d\u00e9sormais le moyen le plus fiable pour combattre un feu de grande envergure.<\/p>\n<p>Facile \u00e0 l&#8217;emploi et au rechargement, dot\u00e9 d&rsquo;un percuteur accessible par le dessus et d&rsquo;une grande trappe de visite, l&rsquo;<strong>extincteur mobile TITAN<\/strong> b\u00e9n\u00e9ficie d&rsquo;un rapport volume\/encombrement optimal.<\/p>\n<p>L&rsquo;<strong>extincteur sur roues TITAN<\/strong> peut b\u00e9n\u00e9ficier d&rsquo;une lance grande hauteur (port\u00e9e de 9.40m) pour ses versions \u00e0 eau (avec ou sans antigel) .<\/p>\n<p>Conforme aux normes nationales et europ\u00e9ennes, l&rsquo;<strong>extincteur mobile TITAN<\/strong> est votre partenaire s\u00e9curit\u00e9 par excellence.<\/p>\n<p>Sa robustesse conforte sa long\u00e9vit\u00e9 dans le temps, c&rsquo;est la garantie \u00ab\u00a0Andrieu\u00a0\u00bb.<\/p>\n<div>\n<div class=\"pic_2\"><img decoding=\"async\" src=\"http:\/\/www.extincteurs-andrieu.fr\/images\/common\/titan.jpg\" alt=\"\" \/><img decoding=\"async\" src=\"http:\/\/www.extincteurs-andrieu.fr\/images\/common\/titan_2.jpg\" alt=\"\" \/><\/div>\n<\/div>\n","protected":false},"excerpt":{"rendered":"<p>Andrieu propose son extincteur sur roues TITAN (25 \u00e0 100 kg), fabriqu\u00e9 en France. Maniable et d&rsquo;une efficacit\u00e9 redoutable, il est id\u00e9al pour les d\u00e9parts d&rsquo;incendie de taille significative ou de grande port\u00e9e. Issu d&rsquo;une conception s\u00fbre et efficace combin\u00e9e &hellip; <a href=\"http:\/\/mcsi-incendie.fr\/?page_id=98\">Continuer la lecture <span class=\"meta-nav\">&rarr;<\/span><\/a><\/p>\n","protected":false},"author":1,"featured_media":0,"parent":82,"menu_order":4,"comment_status":"closed","ping_status":"open","template":"","meta":{"footnotes":""},"class_list":["post-98","page","type-page","status-publish","hentry"],"_links":{"self":[{"href":"http:\/\/mcsi-incendie.fr\/index.php?rest_route=\/wp\/v2\/pages\/98","targetHints":{"allow":["GET"]}}],"collection":[{"href":"http:\/\/mcsi-incendie.fr\/index.php?rest_route=\/wp\/v2\/pages"}],"about":[{"href":"http:\/\/mcsi-incendie.fr\/index.php?rest_route=\/wp\/v2\/types\/page"}],"author":[{"embeddable":true,"href":"http:\/\/mcsi-incendie.fr\/index.php?rest_route=\/wp\/v2\/users\/1"}],"replies":[{"embeddable":true,"href":"http:\/\/mcsi-incendie.fr\/index.php?rest_route=%2Fwp%2Fv2%2Fcomments&post=98"}],"version-history":[{"count":4,"href":"http:\/\/mcsi-incendie.fr\/index.php?rest_route=\/wp\/v2\/pages\/98\/revisions"}],"predecessor-version":[{"id":136,"href":"http:\/\/mcsi-incendie.fr\/index.php?rest_route=\/wp\/v2\/pages\/98\/revisions\/136"}],"up":[{"embeddable":true,"href":"http:\/\/mcsi-incendie.fr\/index.php?rest_route=\/wp\/v2\/pages\/82"}],"wp:attachment":[{"href":"http:\/\/mcsi-incendie.fr\/index.php?rest_route=%2Fwp%2Fv2%2Fmedia&parent=98"}],"curies":[{"name":"wp","href":"https:\/\/api.w.org\/{rel}","templated":true}]}}