{"id":96,"date":"2014-11-17T15:01:37","date_gmt":"2014-11-17T14:01:37","guid":{"rendered":"http:\/\/mcsi-incendie.fr\/?page_id=96"},"modified":"2014-11-19T09:53:16","modified_gmt":"2014-11-19T08:53:16","slug":"gamme-sofadex","status":"publish","type":"page","link":"http:\/\/mcsi-incendie.fr\/?page_id=96","title":{"rendered":"Gamme Gaz et gaz lourd"},"content":{"rendered":"<p><a href=\"http:\/\/mcsi-incendie.fr\/wp-content\/uploads\/2014\/11\/gaz_2kg.jpg\"><img loading=\"lazy\" decoding=\"async\" class=\"alignleft wp-image-147\" src=\"http:\/\/mcsi-incendie.fr\/wp-content\/uploads\/2014\/11\/gaz_2kg.jpg\" alt=\"gaz_2kg\" width=\"102\" height=\"204\" \/><\/a>Extincteur portatif au dioxyde de carbone (CO2) de 2 et 5 kg.<\/p>\n<p><strong>Les points forts de la gamme d&rsquo;extincteur Gaz et Gaz Lourd :<\/strong><\/p>\n<div><\/div>\n<ul>\n<li>le dioxyde de carbone reste l&rsquo;agent extincteur le plus propre. Il \u00e9teint les d\u00e9buts d&rsquo;incendie sans laisser aucune trace r\u00e9siduelle ;<\/li>\n<li>efficace sur les liquides inflammables et les corps gras, cet extincteur peut \u00e9galement \u00eatre utilis\u00e9 sur les personnes et les produits alimentaires.<\/li>\n<\/ul>\n<p><a href=\"http:\/\/mcsi-incendie.fr\/wp-content\/uploads\/2014\/11\/gaz_5kg.jpg\"><img loading=\"lazy\" decoding=\"async\" class=\"alignnone size-full wp-image-146\" src=\"http:\/\/mcsi-incendie.fr\/wp-content\/uploads\/2014\/11\/gaz_5kg.jpg\" alt=\"gaz_5kg\" width=\"150\" height=\"300\" \/><img decoding=\"async\" src=\"http:\/\/www.extincteurs-andrieu.fr\/images\/common\/label_mf.png\" alt=\"\" \/><\/a><\/p>\n<p>L&rsquo;<strong>extincteur Gaz et Gaz Lourd<\/strong> est le moyen de secours id\u00e9al pour les salles d&rsquo;op\u00e9ration, de radiologie, d&rsquo;informatique, les armoires \u00e9lectriques, les cuisines, les machineries d&rsquo;ascenseur ou encore les transformateurs.<\/p>\n<div><\/div>\n","protected":false},"excerpt":{"rendered":"<p>Extincteur portatif au dioxyde de carbone (CO2) de 2 et 5 kg. Les points forts de la gamme d&rsquo;extincteur Gaz et Gaz Lourd : le dioxyde de carbone reste l&rsquo;agent extincteur le plus propre. Il \u00e9teint les d\u00e9buts d&rsquo;incendie sans &hellip; <a href=\"http:\/\/mcsi-incendie.fr\/?page_id=96\">Continuer la lecture <span class=\"meta-nav\">&rarr;<\/span><\/a><\/p>\n","protected":false},"author":1,"featured_media":0,"parent":82,"menu_order":3,"comment_status":"closed","ping_status":"open","template":"","meta":{"footnotes":""},"class_list":["post-96","page","type-page","status-publish","hentry"],"_links":{"self":[{"href":"http:\/\/mcsi-incendie.fr\/index.php?rest_route=\/wp\/v2\/pages\/96","targetHints":{"allow":["GET"]}}],"collection":[{"href":"http:\/\/mcsi-incendie.fr\/index.php?rest_route=\/wp\/v2\/pages"}],"about":[{"href":"http:\/\/mcsi-incendie.fr\/index.php?rest_route=\/wp\/v2\/types\/page"}],"author":[{"embeddable":true,"href":"http:\/\/mcsi-incendie.fr\/index.php?rest_route=\/wp\/v2\/users\/1"}],"replies":[{"embeddable":true,"href":"http:\/\/mcsi-incendie.fr\/index.php?rest_route=%2Fwp%2Fv2%2Fcomments&post=96"}],"version-history":[{"count":4,"href":"http:\/\/mcsi-incendie.fr\/index.php?rest_route=\/wp\/v2\/pages\/96\/revisions"}],"predecessor-version":[{"id":150,"href":"http:\/\/mcsi-incendie.fr\/index.php?rest_route=\/wp\/v2\/pages\/96\/revisions\/150"}],"up":[{"embeddable":true,"href":"http:\/\/mcsi-incendie.fr\/index.php?rest_route=\/wp\/v2\/pages\/82"}],"wp:attachment":[{"href":"http:\/\/mcsi-incendie.fr\/index.php?rest_route=%2Fwp%2Fv2%2Fmedia&parent=96"}],"curies":[{"name":"wp","href":"https:\/\/api.w.org\/{rel}","templated":true}]}}