{"id":82,"date":"2014-11-17T14:16:00","date_gmt":"2014-11-17T13:16:00","guid":{"rendered":"http:\/\/mcsi-incendie.fr\/?page_id=82"},"modified":"2014-11-19T09:52:33","modified_gmt":"2014-11-19T08:52:33","slug":"gammes-dextincteurs","status":"publish","type":"page","link":"http:\/\/mcsi-incendie.fr\/?page_id=82","title":{"rendered":"Gammes d&rsquo;extincteurs"},"content":{"rendered":"<p>Les diff\u00e9rentes gammes propos\u00e9es par M.C.S.I. sont les suivantes :<\/p>\n<p><a title=\"Gamme Vulcain\" href=\"http:\/\/mcsi-incendie.fr\/extincteurs\/gammes-dextincteurs\/gammes-vulcain\/\">Gamme Vulcain<\/a> : extincteurs hauts de gamme, fiables et robustes, performants dans toutes les situations.<\/p>\n<p><a title=\"Gamme Prima\" href=\"http:\/\/mcsi-incendie.fr\/extincteurs\/gammes-dextincteurs\/gamme-prima\/\">Gamme Prima<\/a> : une gamme d&rsquo;extincteur con\u00e7ue pour \u00eatre \u00e9conomique et basique.<\/p>\n<p><a title=\"Gamme Sofadex\" href=\"http:\/\/mcsi-incendie.fr\/extincteurs\/gammes-dextincteurs\/gamme-sofadex\/\">Gamme Gaz et gaz lourd<\/a> : Extincteur portatif au dioxyde de carbone (CO2) de 2 et 5 kg. moyen de secours id\u00e9al pour les salles d&rsquo;informatique, les armoires \u00e9lectriques ou les cuisines.<\/p>\n<p><a title=\"Gamme Titan\" href=\"http:\/\/mcsi-incendie.fr\/extincteurs\/gammes-dextincteurs\/gamme-titan\/\">Gamme mobile Titan<\/a> : Polyvalents et efficaces, les extincteurs sur roues Titan sont le moyen le plus fiable pour combattre un feu de grande envergure.<\/p>\n","protected":false},"excerpt":{"rendered":"<p>Les diff\u00e9rentes gammes propos\u00e9es par M.C.S.I. sont les suivantes : Gamme Vulcain : extincteurs hauts de gamme, fiables et robustes, performants dans toutes les situations. Gamme Prima : une gamme d&rsquo;extincteur con\u00e7ue pour \u00eatre \u00e9conomique et basique. Gamme Gaz et &hellip; <a href=\"http:\/\/mcsi-incendie.fr\/?page_id=82\">Continuer la lecture <span class=\"meta-nav\">&rarr;<\/span><\/a><\/p>\n","protected":false},"author":1,"featured_media":0,"parent":19,"menu_order":0,"comment_status":"closed","ping_status":"open","template":"","meta":{"footnotes":""},"class_list":["post-82","page","type-page","status-publish","hentry"],"_links":{"self":[{"href":"http:\/\/mcsi-incendie.fr\/index.php?rest_route=\/wp\/v2\/pages\/82","targetHints":{"allow":["GET"]}}],"collection":[{"href":"http:\/\/mcsi-incendie.fr\/index.php?rest_route=\/wp\/v2\/pages"}],"about":[{"href":"http:\/\/mcsi-incendie.fr\/index.php?rest_route=\/wp\/v2\/types\/page"}],"author":[{"embeddable":true,"href":"http:\/\/mcsi-incendie.fr\/index.php?rest_route=\/wp\/v2\/users\/1"}],"replies":[{"embeddable":true,"href":"http:\/\/mcsi-incendie.fr\/index.php?rest_route=%2Fwp%2Fv2%2Fcomments&post=82"}],"version-history":[{"count":5,"href":"http:\/\/mcsi-incendie.fr\/index.php?rest_route=\/wp\/v2\/pages\/82\/revisions"}],"predecessor-version":[{"id":149,"href":"http:\/\/mcsi-incendie.fr\/index.php?rest_route=\/wp\/v2\/pages\/82\/revisions\/149"}],"up":[{"embeddable":true,"href":"http:\/\/mcsi-incendie.fr\/index.php?rest_route=\/wp\/v2\/pages\/19"}],"wp:attachment":[{"href":"http:\/\/mcsi-incendie.fr\/index.php?rest_route=%2Fwp%2Fv2%2Fmedia&parent=82"}],"curies":[{"name":"wp","href":"https:\/\/api.w.org\/{rel}","templated":true}]}}