{"id":7,"date":"2014-11-10T14:31:25","date_gmt":"2014-11-10T13:31:25","guid":{"rendered":"http:\/\/mcsi-incendie.fr\/?page_id=7"},"modified":"2014-11-21T13:59:44","modified_gmt":"2014-11-21T12:59:44","slug":"accueil","status":"publish","type":"page","link":"http:\/\/mcsi-incendie.fr\/","title":{"rendered":"Accueil"},"content":{"rendered":"<p><a href=\"http:\/\/mcsi-incendie.fr\/wp-content\/uploads\/2014\/11\/logo-mcsi.png\"><img loading=\"lazy\" decoding=\"async\" class=\"alignleft wp-image-8 size-full\" src=\"http:\/\/mcsi-incendie.fr\/wp-content\/uploads\/2014\/11\/logo-mcsi.png\" alt=\"logo mcsi\" width=\"180\" height=\"180\" srcset=\"http:\/\/mcsi-incendie.fr\/wp-content\/uploads\/2014\/11\/logo-mcsi.png 180w, http:\/\/mcsi-incendie.fr\/wp-content\/uploads\/2014\/11\/logo-mcsi-150x150.png 150w\" sizes=\"auto, (max-width: 180px) 100vw, 180px\" \/><\/a>Soci\u00e9t\u00e9 sp\u00e9cialis\u00e9e dans la vente, la maintenance et l&rsquo;installation des \u00e9quipements de lutte contre l&rsquo;incendie.<\/p>\n<p>Nous sommes bas\u00e9s \u00e0 Estr\u00e9es-Mons (80200) en Picardie pr\u00e8s de P\u00e9ronne dans la Somme.<\/p>\n<p>Nous intervenons aupr\u00e8s des particuliers, des collectivit\u00e9s et des entreprises dans les r\u00e9gions Nord &#8211; Pas-de-Calais (59, 62) et Picardie (Aisne 02, Oise 60, Somme 80).<\/p>\n<p>Certification Apsad :<\/p>\n<p style=\"text-align: center;\"><a href=\"http:\/\/mcsi-incendie.fr\/wp-content\/uploads\/2014\/11\/APSAD-NFSERVICE.jpg\"><img loading=\"lazy\" decoding=\"async\" class=\"aligncenter wp-image-15 size-medium\" src=\"http:\/\/mcsi-incendie.fr\/wp-content\/uploads\/2014\/11\/APSAD-NFSERVICE-300x73.jpg\" alt=\"APSAD NFSERVICE\" width=\"300\" height=\"73\" srcset=\"http:\/\/mcsi-incendie.fr\/wp-content\/uploads\/2014\/11\/APSAD-NFSERVICE-300x73.jpg 300w, http:\/\/mcsi-incendie.fr\/wp-content\/uploads\/2014\/11\/APSAD-NFSERVICE.jpg 591w\" sizes=\"auto, (max-width: 300px) 100vw, 300px\" \/><\/a><br \/>\nService d&rsquo;installation et de maintenance des extincteurs.<br \/>\n(R\u00e9f\u00e9rentiel I4-NF 285)<br \/>\nCertification n\u00b0617\/14\/04-285<\/p>\n<hr \/>\n<p><em><strong>Nos Services :<\/strong><\/em><\/p>\n<ul style=\"list-style-type: circle;\">\n<li><a href=\"http:\/\/mcsi-incendie.fr\/wp-content\/uploads\/2014\/11\/camion-mcsi.jpeg\"><img loading=\"lazy\" decoding=\"async\" class=\"alignright wp-image-92 \" src=\"http:\/\/mcsi-incendie.fr\/wp-content\/uploads\/2014\/11\/camion-mcsi-300x181.jpeg\" alt=\"camion mcsi\" width=\"283\" height=\"171\" srcset=\"http:\/\/mcsi-incendie.fr\/wp-content\/uploads\/2014\/11\/camion-mcsi-300x181.jpeg 300w, http:\/\/mcsi-incendie.fr\/wp-content\/uploads\/2014\/11\/camion-mcsi-1024x618.jpeg 1024w\" sizes=\"auto, (max-width: 283px) 100vw, 283px\" \/><\/a>Vente, installation et <span class=\"text_exposed_show\">maintenance d&rsquo;extincteurs<\/span><\/li>\n<li><span class=\"text_exposed_show\">Vente, installation et maintenance de blocs autonomes d&rsquo;\u00e9clairage de s\u00e9curit\u00e9<\/span><\/li>\n<li><span class=\"text_exposed_show\"> Vente, installation et maintenance d&rsquo;alarme d\u2019\u00e9vacuation\u00a0<\/span><\/li>\n<li><span class=\"text_exposed_show\"> Maintenance pr\u00e9ventive et corrective des syst\u00e8mes de d\u00e9senfumage naturel<\/span><\/li>\n<li><span class=\"text_exposed_show\"> Maintenance de R.I.A<\/span><span class=\"text_exposed_show\">.<\/span><\/li>\n<li><span class=\"text_exposed_show\"> Vente de tous types de signal\u00e9tique <\/span><\/li>\n<li><span class=\"text_exposed_show\">Conception et r\u00e9alisation de plan d&rsquo;intervention et d&rsquo;\u00e9vacuation<\/span><\/li>\n<li><span class=\"text_exposed_show\">Conseil en s\u00e9curit\u00e9 ince<\/span><span class=\"text_exposed_show\">ndie<\/span><\/li>\n<li><span class=\"text_exposed_show\">Location d&rsquo;extincteurs pour toutes vos manifestations.<\/span><\/li>\n<\/ul>\n","protected":false},"excerpt":{"rendered":"<p>Soci\u00e9t\u00e9 sp\u00e9cialis\u00e9e dans la vente, la maintenance et l&rsquo;installation des \u00e9quipements de lutte contre l&rsquo;incendie. Nous sommes bas\u00e9s \u00e0 Estr\u00e9es-Mons (80200) en Picardie pr\u00e8s de P\u00e9ronne dans la Somme. Nous intervenons aupr\u00e8s des particuliers, des collectivit\u00e9s et des entreprises dans &hellip; <a href=\"http:\/\/mcsi-incendie.fr\/\">Continuer la lecture <span class=\"meta-nav\">&rarr;<\/span><\/a><\/p>\n","protected":false},"author":1,"featured_media":0,"parent":0,"menu_order":0,"comment_status":"closed","ping_status":"closed","template":"","meta":{"footnotes":""},"class_list":["post-7","page","type-page","status-publish","hentry"],"_links":{"self":[{"href":"http:\/\/mcsi-incendie.fr\/index.php?rest_route=\/wp\/v2\/pages\/7","targetHints":{"allow":["GET"]}}],"collection":[{"href":"http:\/\/mcsi-incendie.fr\/index.php?rest_route=\/wp\/v2\/pages"}],"about":[{"href":"http:\/\/mcsi-incendie.fr\/index.php?rest_route=\/wp\/v2\/types\/page"}],"author":[{"embeddable":true,"href":"http:\/\/mcsi-incendie.fr\/index.php?rest_route=\/wp\/v2\/users\/1"}],"replies":[{"embeddable":true,"href":"http:\/\/mcsi-incendie.fr\/index.php?rest_route=%2Fwp%2Fv2%2Fcomments&post=7"}],"version-history":[{"count":16,"href":"http:\/\/mcsi-incendie.fr\/index.php?rest_route=\/wp\/v2\/pages\/7\/revisions"}],"predecessor-version":[{"id":253,"href":"http:\/\/mcsi-incendie.fr\/index.php?rest_route=\/wp\/v2\/pages\/7\/revisions\/253"}],"wp:attachment":[{"href":"http:\/\/mcsi-incendie.fr\/index.php?rest_route=%2Fwp%2Fv2%2Fmedia&parent=7"}],"curies":[{"name":"wp","href":"https:\/\/api.w.org\/{rel}","templated":true}]}}