{"id":37,"date":"2014-11-17T10:41:43","date_gmt":"2014-11-17T09:41:43","guid":{"rendered":"http:\/\/mcsi-incendie.fr\/?page_id=37"},"modified":"2014-12-19T09:26:26","modified_gmt":"2014-12-19T08:26:26","slug":"alarmes-devacuation","status":"publish","type":"page","link":"http:\/\/mcsi-incendie.fr\/?page_id=37","title":{"rendered":"Alarmes d&rsquo;\u00e9vacuation"},"content":{"rendered":"<h2>Alarme incendie type 4<\/h2>\n<p>Ce type de syst\u00e8me de s\u00e9curit\u00e9 incendie de cat\u00e9gorie E, destin\u00e9 \u00e0 \u00eatre utilis\u00e9 dans les \u00e9tablissements recevant du public selon la r\u00e9glementation des articles L15 et L16 sur les SSI.<\/p>\n<p>Ils existent en <em><strong>version radio<\/strong><\/em> particuli\u00e8rement recommand\u00e9 dans les \u00e9tablissements class\u00e9s (ch\u00e2teaux, mus\u00e9es, etc.) pour lesquels la modification de l&rsquo;infrastructure du b\u00e2timent est restreinte. Il trouve aussi son emploi lorsque le passage de c\u00e2bles est difficile, ou si le co\u00fbt est d\u00e9terminant dans le choix du mat\u00e9riel.<\/p>\n<div id=\"attachment_205\" style=\"width: 242px\" class=\"wp-caption alignleft\"><a href=\"http:\/\/mcsi-incendie.fr\/wp-content\/uploads\/2014\/11\/Type_4_Piles.jpg\"><img loading=\"lazy\" decoding=\"async\" aria-describedby=\"caption-attachment-205\" class=\"wp-image-205 \" src=\"http:\/\/mcsi-incendie.fr\/wp-content\/uploads\/2014\/11\/Type_4_Piles-300x300.jpg\" alt=\"Type_4_Piles\" width=\"232\" height=\"232\" srcset=\"http:\/\/mcsi-incendie.fr\/wp-content\/uploads\/2014\/11\/Type_4_Piles-300x300.jpg 300w, http:\/\/mcsi-incendie.fr\/wp-content\/uploads\/2014\/11\/Type_4_Piles-150x150.jpg 150w, http:\/\/mcsi-incendie.fr\/wp-content\/uploads\/2014\/11\/Type_4_Piles.jpg 400w\" sizes=\"auto, (max-width: 232px) 100vw, 232px\" \/><\/a><p id=\"caption-attachment-205\" class=\"wp-caption-text\">Alarme type 4 \u00e0 piles<\/p><\/div>\n<p>&nbsp;<\/p>\n<p>Le tableau de signalisation \u00e0 piles est une centrale de d\u00e9tection incendie autonome de type 4, int\u00e9grant dans un coffret \u00e0 piles un d\u00e9clencheur manuel et un diffuseur sonore. L&rsquo;action du d\u00e9clencheur manuel engendre le d\u00e9clenchement imm\u00e9diat de l&rsquo;avertisseur sonore.<\/p>\n<p>&nbsp;<\/p>\n<p>&nbsp;<\/p>\n<p>&nbsp;<\/p>\n<div id=\"attachment_207\" style=\"width: 242px\" class=\"wp-caption alignleft\"><a href=\"http:\/\/mcsi-incendie.fr\/wp-content\/uploads\/2014\/11\/Type_4_1_Boucle.jpg\"><img loading=\"lazy\" decoding=\"async\" aria-describedby=\"caption-attachment-207\" class=\"wp-image-207\" src=\"http:\/\/mcsi-incendie.fr\/wp-content\/uploads\/2014\/11\/Type_4_1_Boucle-300x300.jpg\" alt=\"Type_4_1_Boucle\" width=\"232\" height=\"232\" srcset=\"http:\/\/mcsi-incendie.fr\/wp-content\/uploads\/2014\/11\/Type_4_1_Boucle-300x300.jpg 300w, http:\/\/mcsi-incendie.fr\/wp-content\/uploads\/2014\/11\/Type_4_1_Boucle-150x150.jpg 150w, http:\/\/mcsi-incendie.fr\/wp-content\/uploads\/2014\/11\/Type_4_1_Boucle.jpg 400w\" sizes=\"auto, (max-width: 232px) 100vw, 232px\" \/><\/a><p id=\"caption-attachment-207\" class=\"wp-caption-text\">Alarme type 4 &#8211; 1 \u00e0 4 boucles<\/p><\/div>\n<p>Ce tableau de signalisation permet la gestion d&rsquo;alarmes et fonctionne avec des d\u00e9clencheurs manuels (DM).<br \/>\nCe tableau permet une signalisation visuelle et sonore en fa\u00e7ade.<\/p>\n<p>L&rsquo;alarme d&rsquo;\u00e9vacuation g\u00e9n\u00e9rale est de 5 minutes avec coupure automatique. L&rsquo;alarme restreinte est r\u00e9glable de 0 \u00e0 5 minutes lors de l&rsquo;action sur un d\u00e9clencheur manuel.<\/p>\n<p>&nbsp;<\/p>\n<p>&nbsp;<\/p>\n<div id=\"attachment_200\" style=\"width: 242px\" class=\"wp-caption alignleft\"><a href=\"http:\/\/mcsi-incendie.fr\/wp-content\/uploads\/2014\/11\/DM4710R1_RF1.jpg\"><img loading=\"lazy\" decoding=\"async\" aria-describedby=\"caption-attachment-200\" class=\"wp-image-200\" src=\"http:\/\/mcsi-incendie.fr\/wp-content\/uploads\/2014\/11\/DM4710R1_RF1-300x300.jpg\" alt=\"DM4710R1_RF1\" width=\"232\" height=\"232\" srcset=\"http:\/\/mcsi-incendie.fr\/wp-content\/uploads\/2014\/11\/DM4710R1_RF1-300x300.jpg 300w, http:\/\/mcsi-incendie.fr\/wp-content\/uploads\/2014\/11\/DM4710R1_RF1-150x150.jpg 150w, http:\/\/mcsi-incendie.fr\/wp-content\/uploads\/2014\/11\/DM4710R1_RF1.jpg 587w\" sizes=\"auto, (max-width: 232px) 100vw, 232px\" \/><\/a><p id=\"caption-attachment-200\" class=\"wp-caption-text\">D\u00e9clencheur manuel (DM)<\/p><\/div>\n<p>Les d\u00e9clencheurs manuels d&rsquo;alarme incendie (DM) permettent de signaler un incendie. Ils \u00e9mettent une information \u00e0 destination des \u00e9quipements de contr\u00f4le tels que alarmes incendie \u00e0 partir d&rsquo;une action manuelle.<br \/>\nLe d\u00e9clencheur manuel simple contact permet d&rsquo;enclencher une seule action.<\/p>\n<p>Il est possible de mettre en saillie ou d&rsquo;encastrer le d\u00e9clencheur manuel \u00e0 partir de la m\u00eame r\u00e9f\u00e9rence article. Il s&rsquo;encastre dans la plupart des pots ronds de diff\u00e9rentes marques. Ce qui est un avantage certain pour l&rsquo;installation.<\/p>\n<p>Pour de plus amples informations, consultez notre <a title=\"Catalogue Alarmes\" href=\"http:\/\/www.neutronic.fr\/images\/stories\/doc\/Catalogue.pdf\">catalogue<\/a> ou <a title=\"Contact\" href=\"http:\/\/mcsiincendie.apps-1and1.net\/contact\/\">contactez nous<\/a>.<\/p>\n","protected":false},"excerpt":{"rendered":"<p>Alarme incendie type 4 Ce type de syst\u00e8me de s\u00e9curit\u00e9 incendie de cat\u00e9gorie E, destin\u00e9 \u00e0 \u00eatre utilis\u00e9 dans les \u00e9tablissements recevant du public selon la r\u00e9glementation des articles L15 et L16 sur les SSI. Ils existent en version radio &hellip; <a href=\"http:\/\/mcsi-incendie.fr\/?page_id=37\">Continuer la lecture <span class=\"meta-nav\">&rarr;<\/span><\/a><\/p>\n","protected":false},"author":1,"featured_media":0,"parent":0,"menu_order":7,"comment_status":"closed","ping_status":"closed","template":"","meta":{"footnotes":""},"class_list":["post-37","page","type-page","status-publish","hentry"],"_links":{"self":[{"href":"http:\/\/mcsi-incendie.fr\/index.php?rest_route=\/wp\/v2\/pages\/37","targetHints":{"allow":["GET"]}}],"collection":[{"href":"http:\/\/mcsi-incendie.fr\/index.php?rest_route=\/wp\/v2\/pages"}],"about":[{"href":"http:\/\/mcsi-incendie.fr\/index.php?rest_route=\/wp\/v2\/types\/page"}],"author":[{"embeddable":true,"href":"http:\/\/mcsi-incendie.fr\/index.php?rest_route=\/wp\/v2\/users\/1"}],"replies":[{"embeddable":true,"href":"http:\/\/mcsi-incendie.fr\/index.php?rest_route=%2Fwp%2Fv2%2Fcomments&post=37"}],"version-history":[{"count":14,"href":"http:\/\/mcsi-incendie.fr\/index.php?rest_route=\/wp\/v2\/pages\/37\/revisions"}],"predecessor-version":[{"id":259,"href":"http:\/\/mcsi-incendie.fr\/index.php?rest_route=\/wp\/v2\/pages\/37\/revisions\/259"}],"wp:attachment":[{"href":"http:\/\/mcsi-incendie.fr\/index.php?rest_route=%2Fwp%2Fv2%2Fmedia&parent=37"}],"curies":[{"name":"wp","href":"https:\/\/api.w.org\/{rel}","templated":true}]}}