{"id":35,"date":"2014-11-17T10:40:08","date_gmt":"2014-11-17T09:40:08","guid":{"rendered":"http:\/\/mcsi-incendie.fr\/?page_id=35"},"modified":"2014-12-19T09:26:09","modified_gmt":"2014-12-19T08:26:09","slug":"detecteurs","status":"publish","type":"page","link":"http:\/\/mcsi-incendie.fr\/?page_id=35","title":{"rendered":"D\u00e9tecteurs"},"content":{"rendered":"<div class=\"text_cms\">\n<div id=\"attachment_48\" style=\"width: 310px\" class=\"wp-caption alignleft\"><a href=\"http:\/\/mcsi-incendie.fr\/wp-content\/uploads\/2014\/11\/dactecteur-de-fumace-pile.jpg\"><img loading=\"lazy\" decoding=\"async\" aria-describedby=\"caption-attachment-48\" class=\"wp-image-48 size-medium\" src=\"http:\/\/mcsi-incendie.fr\/wp-content\/uploads\/2014\/11\/dactecteur-de-fumace-pile-300x300.jpg\" alt=\"BRK SA410\" width=\"300\" height=\"300\" srcset=\"http:\/\/mcsi-incendie.fr\/wp-content\/uploads\/2014\/11\/dactecteur-de-fumace-pile-300x300.jpg 300w, http:\/\/mcsi-incendie.fr\/wp-content\/uploads\/2014\/11\/dactecteur-de-fumace-pile-150x150.jpg 150w, http:\/\/mcsi-incendie.fr\/wp-content\/uploads\/2014\/11\/dactecteur-de-fumace-pile.jpg 340w\" sizes=\"auto, (max-width: 300px) 100vw, 300px\" \/><\/a><p id=\"caption-attachment-48\" class=\"wp-caption-text\">BRK SA410 (photo non contractuelle)<\/p><\/div>\n<p>La <strong>loi Morange<\/strong> relative \u00e0 l&rsquo;installation d&rsquo;au moins un d\u00e9tecteur de fum\u00e9e dans chaque logement pr\u00e9cise les conditions auxquelles doivent r\u00e9pondre ces appareils.<br \/>\nTout foyer fran\u00e7ais devra ainsi avoir installer au <strong>minimum un d\u00e9tecteur avertisseur autonome de <\/strong><strong>fum\u00e9e <\/strong><strong>(DAAF) au plus tard le 8 mars 2015<\/strong>.<br \/>\nLes exigences concernant les caract\u00e9ristiques du <strong>d\u00e9tecteur de fum\u00e9e obligatoire<\/strong> sont r\u00e9gies par la <strong>norme EN 14604<\/strong> qui impose les conditions suivantes:<\/p>\n<ul>\n<li>\u00c9mettre un signal d\u2019alarme d\u2019un niveau sonore d\u2019au moins 85 dB(A) \u00e0 3 m\u00e8tres<\/li>\n<li>Une dur\u00e9e de vie des piles de 1 an minimum<\/li>\n<li>\u00catre \u00e9quip\u00e9 d&rsquo;un bouton de test permettant de v\u00e9rifier le bon fonctionnement de l&rsquo;appareil<\/li>\n<li>Pr\u00e9senter un indicateur de piles faibles<\/li>\n<li>fournir un certain nombre d\u2019indications tel que le nom et adresse du fabricant, norme de r\u00e9f\u00e9rence, date de fabrication ou num\u00e9ro de lot, type de batterie recommand\u00e9e ainsi que divers instructions pour l&rsquo;utilisateur.<\/li>\n<\/ul>\n<h3>Pourquoi une loi rendant les d\u00e9tecteurs de fum\u00e9e obligatoires?<\/h3>\n<p>Chaque ann\u00e9e en France nous comptabilisons plus de 800 morts et 10 000 sinistr\u00e9s.<br \/>\nLa <strong>loi Morange<\/strong> pr\u00f4nant l&rsquo;installation obligatoire d&rsquo;au minimum un d\u00e9tecteur de fum\u00e9e dans chaque logement \u00e0 pour but de lutter contre les incendies domestiques et les victimes qu&rsquo;ils engendrent.<\/p>\n<p>Selon les statistiques provenant des pays ayant d\u00e9j\u00e0 rendu les <strong>d\u00e9tecteurs de fum\u00e9e obligatoires<\/strong>, cette obligation permet de r\u00e9duire de 50% le nombre de d\u00e9c\u00e8s<\/p>\n<p>En effet lors d&rsquo;un d\u00e9part d&rsquo;incendie l&rsquo;installation d&rsquo;un d\u00e9tecteur de fum\u00e9e vous permet d&rsquo;\u00eatre alerter\/r\u00e9veiller au plus vite et ainsi, si possible, de ma\u00eetriser le feu ou de vous donner le temps n\u00e9cessaire pour \u00e9vacuer l&rsquo;habitation et pr\u00e9venir les secours en toute s\u00e9curit\u00e9<\/p>\n<\/div>\n<div class=\"text_cms\">\n<h3>D\u00e9tecteur de fum\u00e9e obligatoire pour le propri\u00e9taire ou le locataire?<\/h3>\n<p>Initialement, la loi Morange stipulait que l&rsquo;achat et l&rsquo;installation obligatoire d&rsquo;un d\u00e9tecteur de fum\u00e9e incombait \u00e0 l&rsquo;occupant du logement qu&rsquo;il soit propri\u00e9taire ou locataire.<br \/>\nCependant l&rsquo;adoption au parlement de la loi Duflot vient d\u00e9sormais modifier ces dires.<\/p>\n<p><strong>Le d\u00e9tecteur de fum\u00e9e obligatoire pour le propri\u00e9taire<\/strong><\/p>\n<ul>\n<li>L&rsquo;installation du d\u00e9tecteur de fum\u00e9e est obligatoire pour le propri\u00e9taire.<\/li>\n<li>Si le logement est mis en location, le propri\u00e9taire doit s&rsquo;assurer du bon fonctionnement du d\u00e9tecteur de fum\u00e9e lors de l\u2019\u00e9tat des lieux.<\/li>\n<\/ul>\n<p><strong>Entretien du d\u00e9tecteur de fum\u00e9e obligatoire pour le locataire<\/strong><\/p>\n<ul>\n<li>Le locataire doit s&rsquo;assurer d&rsquo;entretenir, et si n\u00e9cessaire, de renouveler le d\u00e9tecteur de fum\u00e9e tant qu&rsquo;il occupe le logement.<\/li>\n<\/ul>\n<p><strong>A noter:<\/strong> Si le logement est occup\u00e9 par un locataire \u00e0 la date du 9 mars 2015, le propri\u00e9taire pourra soit fournir le d\u00e9tecteur de fum\u00e9e \u00e0 son locataire, soit, rembourser le locataire de l\u2019achat du d\u00e9tecteur.<\/p>\n<p>Pour toutes informations compl\u00e9mentaires n\u2019h\u00e9sitez pas \u00e0 nous <a title=\"Contact\" href=\"http:\/\/mcsi-incendie.fr\/?p=39\">contacter<\/a><\/p>\n<\/div>\n","protected":false},"excerpt":{"rendered":"<p>La loi Morange relative \u00e0 l&rsquo;installation d&rsquo;au moins un d\u00e9tecteur de fum\u00e9e dans chaque logement pr\u00e9cise les conditions auxquelles doivent r\u00e9pondre ces appareils. Tout foyer fran\u00e7ais devra ainsi avoir installer au minimum un d\u00e9tecteur avertisseur autonome de fum\u00e9e (DAAF) au &hellip; <a href=\"http:\/\/mcsi-incendie.fr\/?page_id=35\">Continuer la lecture <span class=\"meta-nav\">&rarr;<\/span><\/a><\/p>\n","protected":false},"author":1,"featured_media":0,"parent":0,"menu_order":6,"comment_status":"closed","ping_status":"closed","template":"","meta":{"footnotes":""},"class_list":["post-35","page","type-page","status-publish","hentry"],"_links":{"self":[{"href":"http:\/\/mcsi-incendie.fr\/index.php?rest_route=\/wp\/v2\/pages\/35","targetHints":{"allow":["GET"]}}],"collection":[{"href":"http:\/\/mcsi-incendie.fr\/index.php?rest_route=\/wp\/v2\/pages"}],"about":[{"href":"http:\/\/mcsi-incendie.fr\/index.php?rest_route=\/wp\/v2\/types\/page"}],"author":[{"embeddable":true,"href":"http:\/\/mcsi-incendie.fr\/index.php?rest_route=\/wp\/v2\/users\/1"}],"replies":[{"embeddable":true,"href":"http:\/\/mcsi-incendie.fr\/index.php?rest_route=%2Fwp%2Fv2%2Fcomments&post=35"}],"version-history":[{"count":7,"href":"http:\/\/mcsi-incendie.fr\/index.php?rest_route=\/wp\/v2\/pages\/35\/revisions"}],"predecessor-version":[{"id":258,"href":"http:\/\/mcsi-incendie.fr\/index.php?rest_route=\/wp\/v2\/pages\/35\/revisions\/258"}],"wp:attachment":[{"href":"http:\/\/mcsi-incendie.fr\/index.php?rest_route=%2Fwp%2Fv2%2Fmedia&parent=35"}],"curies":[{"name":"wp","href":"https:\/\/api.w.org\/{rel}","templated":true}]}}