{"id":33,"date":"2014-11-17T10:39:47","date_gmt":"2014-11-17T09:39:47","guid":{"rendered":"http:\/\/mcsi-incendie.fr\/?page_id=33"},"modified":"2014-12-19T09:26:02","modified_gmt":"2014-12-19T08:26:02","slug":"blocs-de-secours","status":"publish","type":"page","link":"http:\/\/mcsi-incendie.fr\/?page_id=33","title":{"rendered":"Blocs de secours"},"content":{"rendered":"<p><a href=\"http:\/\/mcsi-incendie.fr\/wp-content\/uploads\/2014\/11\/BAES.jpg\"><img loading=\"lazy\" decoding=\"async\" class=\"alignleft wp-image-124 size-medium\" src=\"http:\/\/mcsi-incendie.fr\/wp-content\/uploads\/2014\/11\/BAES-300x118.jpg\" alt=\"BAES\" width=\"300\" height=\"118\" srcset=\"http:\/\/mcsi-incendie.fr\/wp-content\/uploads\/2014\/11\/BAES-300x118.jpg 300w, http:\/\/mcsi-incendie.fr\/wp-content\/uploads\/2014\/11\/BAES.jpg 735w\" sizes=\"auto, (max-width: 300px) 100vw, 300px\" \/><\/a>Les B.A.E.S (Blocs Autonome d&rsquo;\u00c9clairage de S\u00e9curit\u00e9) sont des blocs destin\u00e9s \u00e0 \u00e9clairer et montrer l&#8217;emplacement des sorties d&rsquo;\u00e9vacuation de fa\u00e7on lumineuses dans diff\u00e9rents types d&rsquo;\u00e9tablissement lors d&rsquo;\u00e9vacuation d&rsquo;urgence ou de d\u00e9faillance de l&rsquo;\u00e9clairage principal d&rsquo;un b\u00e2timent. Ils permettent de respecter la l\u00e9gislation et les r\u00e8gles d&rsquo;usages pour les locaux accueillant le public (\u00c9tablissement recevant du public en droit fran\u00e7ais).<\/p>\n<h3>\u00a0<span id=\"Objectifs\" class=\"mw-headline\">Objectifs :<br \/>\n<\/span><\/h3>\n<p>\u00c9clairer notamment les chemins d&rsquo;acc\u00e8s menant aux sorties d&rsquo;\u00e9vacuation (que ce soit en cas de panique, de coupure de courant, d&rsquo;incendie ou encore de fuite de gaz)<\/p>\n<p>Aujourd&rsquo;hui on distingue le plus souvent\u00a0:<\/p>\n<ul>\n<li>un \u00e9clairage de s\u00e9curit\u00e9 d&rsquo;ambiance\u00a0: il \u00e9claire de mani\u00e8re uniforme l&rsquo;ensemble des locaux afin que les usagers puissent se rep\u00e9rer o\u00f9 qu&rsquo;ils soient et pour \u00e9viter un mouvement de panique. Cet \u00e9clairage est le plus souvent z\u00e9nithal. La r\u00e9glementation et les usages pr\u00e9voient un \u00e9clairement minimum de 5 lm\/m\u00b2 et capable de fonctionner pendant une heure.<\/li>\n<li>un \u00e9clairage d&rsquo;\u00e9vacuation qui \u00e9claire non seulement les axes de circulation et permet la visualisation des issues, et ce en suivant les r\u00e8gles d&rsquo;usage (un BAES \u00e0 chaque changement de direction et un au minimum tous les quinze m\u00e8tres)\u00a0; cet \u00e9clairage est le plus souvent en haut mais peut \u00eatre aussi en bas pour \u00e9clairer le sol notamment dans les parcs de stationnement automobile<\/li>\n<\/ul>\n<p>Dans les locaux dits <i>\u00e0 sommeil<\/i> on peut trouver des <b>BAEH<\/b> qui peuvent compl\u00e9ter les BAES. Ils reposent sur le m\u00eame principe mais avec des dur\u00e9es de fonctionnement en s\u00e9curit\u00e9 plus longues. On trouvera les BAEH seuls en habitations. On trouve \u00e9galement des BAES qui permettent d&rsquo;identifier les \u00e9quipement d&rsquo;incendie (\u00ab\u00a0<b>poste d&rsquo;incendie<\/b>\u00a0\u00bb) comme un robinet d&rsquo;incendie arm\u00e9 ou un extincteur.<\/p>\n<h2><\/h2>\n","protected":false},"excerpt":{"rendered":"<p>Les B.A.E.S (Blocs Autonome d&rsquo;\u00c9clairage de S\u00e9curit\u00e9) sont des blocs destin\u00e9s \u00e0 \u00e9clairer et montrer l&#8217;emplacement des sorties d&rsquo;\u00e9vacuation de fa\u00e7on lumineuses dans diff\u00e9rents types d&rsquo;\u00e9tablissement lors d&rsquo;\u00e9vacuation d&rsquo;urgence ou de d\u00e9faillance de l&rsquo;\u00e9clairage principal d&rsquo;un b\u00e2timent. Ils permettent de &hellip; <a href=\"http:\/\/mcsi-incendie.fr\/?page_id=33\">Continuer la lecture <span class=\"meta-nav\">&rarr;<\/span><\/a><\/p>\n","protected":false},"author":1,"featured_media":0,"parent":0,"menu_order":5,"comment_status":"closed","ping_status":"closed","template":"","meta":{"footnotes":""},"class_list":["post-33","page","type-page","status-publish","hentry"],"_links":{"self":[{"href":"http:\/\/mcsi-incendie.fr\/index.php?rest_route=\/wp\/v2\/pages\/33","targetHints":{"allow":["GET"]}}],"collection":[{"href":"http:\/\/mcsi-incendie.fr\/index.php?rest_route=\/wp\/v2\/pages"}],"about":[{"href":"http:\/\/mcsi-incendie.fr\/index.php?rest_route=\/wp\/v2\/types\/page"}],"author":[{"embeddable":true,"href":"http:\/\/mcsi-incendie.fr\/index.php?rest_route=\/wp\/v2\/users\/1"}],"replies":[{"embeddable":true,"href":"http:\/\/mcsi-incendie.fr\/index.php?rest_route=%2Fwp%2Fv2%2Fcomments&post=33"}],"version-history":[{"count":4,"href":"http:\/\/mcsi-incendie.fr\/index.php?rest_route=\/wp\/v2\/pages\/33\/revisions"}],"predecessor-version":[{"id":126,"href":"http:\/\/mcsi-incendie.fr\/index.php?rest_route=\/wp\/v2\/pages\/33\/revisions\/126"}],"wp:attachment":[{"href":"http:\/\/mcsi-incendie.fr\/index.php?rest_route=%2Fwp%2Fv2%2Fmedia&parent=33"}],"curies":[{"name":"wp","href":"https:\/\/api.w.org\/{rel}","templated":true}]}}