{"id":31,"date":"2014-11-17T10:39:15","date_gmt":"2014-11-17T09:39:15","guid":{"rendered":"http:\/\/mcsi-incendie.fr\/?page_id=31"},"modified":"2014-12-19T09:25:52","modified_gmt":"2014-12-19T08:25:52","slug":"plan","status":"publish","type":"page","link":"http:\/\/mcsi-incendie.fr\/?page_id=31","title":{"rendered":"Plan"},"content":{"rendered":"<p>M.C.S.I r\u00e9alise vos plans d&rsquo;\u00e9vacuation et d&rsquo;intervention ainsi que les consignes de s\u00e9curit\u00e9 et la signal\u00e9tique incendie.<\/p>\n<h3><strong>PLANS D\u2019\u00c9VACUATION ET D&rsquo;INTERVENTION POMPIERS<\/strong><\/h3>\n<p><a href=\"http:\/\/mcsi-incendie.fr\/wp-content\/uploads\/2014\/11\/02-ROME-PE-cadre-gris.jpg\"><img loading=\"lazy\" decoding=\"async\" class=\"alignleft wp-image-183\" src=\"http:\/\/mcsi-incendie.fr\/wp-content\/uploads\/2014\/11\/02-ROME-PE-cadre-gris-300x199.jpg\" alt=\"02- ROME PE cadre gris\" width=\"210\" height=\"140\" srcset=\"http:\/\/mcsi-incendie.fr\/wp-content\/uploads\/2014\/11\/02-ROME-PE-cadre-gris-300x199.jpg 300w, http:\/\/mcsi-incendie.fr\/wp-content\/uploads\/2014\/11\/02-ROME-PE-cadre-gris-1024x682.jpg 1024w, http:\/\/mcsi-incendie.fr\/wp-content\/uploads\/2014\/11\/02-ROME-PE-cadre-gris.jpg 2000w\" sizes=\"auto, (max-width: 210px) 100vw, 210px\" \/><\/a><strong>Le<\/strong><strong>s plans d\u2019\u00e9vacuation sont destin\u00e9s \u00e0 tous les occupants form\u00e9s ou non, pour \u00a0les aider \u00e0 quitter un \u00e9tablissement.\u00a0<\/strong>Les plans d\u2019\u00e9vacuation indiquent le cheminement \u00e0 suivre pour \u00e9vacuer et l\u2019emplacement des moyens d\u2019alarme et\u00a0\u00e9ventuellement de premi\u00e8re intervention.<\/p>\n<p><a href=\"http:\/\/mcsi-incendie.fr\/wp-content\/uploads\/2014\/11\/01-ROME-PI-cadre-rouge.jpg\"><img loading=\"lazy\" decoding=\"async\" class=\"alignleft wp-image-182\" src=\"http:\/\/mcsi-incendie.fr\/wp-content\/uploads\/2014\/11\/01-ROME-PI-cadre-rouge-300x199.jpg\" alt=\"01-ROME PI cadre rouge\" width=\"210\" height=\"140\" srcset=\"http:\/\/mcsi-incendie.fr\/wp-content\/uploads\/2014\/11\/01-ROME-PI-cadre-rouge-300x199.jpg 300w, http:\/\/mcsi-incendie.fr\/wp-content\/uploads\/2014\/11\/01-ROME-PI-cadre-rouge-1024x682.jpg 1024w, http:\/\/mcsi-incendie.fr\/wp-content\/uploads\/2014\/11\/01-ROME-PI-cadre-rouge.jpg 2000w\" sizes=\"auto, (max-width: 210px) 100vw, 210px\" \/><\/a><strong>Les plans d\u2019intervention sont destin\u00e9s aux personnes form\u00e9es pour intervenir sur un sinistre : sapeurs-pompiers, \u00e9quipier <\/strong><strong>de\u00a0seconde intervention<\/strong>. Le plan d\u2019intervention indique les zones \u00e0 risques, les coupures d\u2019\u00e9nergie, de fluides, les moyens fixes de lutte contre l\u2019incendie et d\u2019intervention.<\/p>\n<p class=\"texte\"><strong>PERSONNALISATION : <\/strong>nous personnalisons le contenu de nos consignes en fonction des demandes particuli\u00e8res de chaque client (point de rassemblement \u00e0 sp\u00e9cifier, consignes sp\u00e9cifiques au type d&rsquo;\u00e9tablissement concern\u00e9&#8230; )<\/p>\n<div id='gallery-1' class='gallery galleryid-31 gallery-columns-3 gallery-size-thumbnail'><dl class='gallery-item'>\n\t\t\t<dt class='gallery-icon landscape'>\n\t\t\t\t<a href='http:\/\/mcsi-incendie.fr\/?attachment_id=188'><img loading=\"lazy\" decoding=\"async\" width=\"150\" height=\"150\" src=\"http:\/\/mcsi-incendie.fr\/wp-content\/uploads\/2014\/11\/07-ROME-PE-photoluminescent-150x150.jpg\" class=\"attachment-thumbnail size-thumbnail\" alt=\"\" aria-describedby=\"gallery-1-188\" \/><\/a>\n\t\t\t<\/dt>\n\t\t\t\t<dd class='wp-caption-text gallery-caption' id='gallery-1-188'>\n\t\t\t\tPlastifi\u00e9\n\t\t\t\t<\/dd><\/dl><dl class='gallery-item'>\n\t\t\t<dt class='gallery-icon landscape'>\n\t\t\t\t<a href='http:\/\/mcsi-incendie.fr\/?attachment_id=187'><img loading=\"lazy\" decoding=\"async\" width=\"150\" height=\"150\" src=\"http:\/\/mcsi-incendie.fr\/wp-content\/uploads\/2014\/11\/06-PE-dibon-brosse-150x150.jpg\" class=\"attachment-thumbnail size-thumbnail\" alt=\"\" aria-describedby=\"gallery-1-187\" \/><\/a>\n\t\t\t<\/dt>\n\t\t\t\t<dd class='wp-caption-text gallery-caption' id='gallery-1-187'>\n\t\t\t\tAluminium\n\t\t\t\t<\/dd><\/dl><dl class='gallery-item'>\n\t\t\t<dt class='gallery-icon landscape'>\n\t\t\t\t<a href='http:\/\/mcsi-incendie.fr\/?attachment_id=186'><img loading=\"lazy\" decoding=\"async\" width=\"150\" height=\"150\" src=\"http:\/\/mcsi-incendie.fr\/wp-content\/uploads\/2014\/11\/05-ROME-Pe-Forex-150x150.jpg\" class=\"attachment-thumbnail size-thumbnail\" alt=\"\" aria-describedby=\"gallery-1-186\" \/><\/a>\n\t\t\t<\/dt>\n\t\t\t\t<dd class='wp-caption-text gallery-caption' id='gallery-1-186'>\n\t\t\t\tForex\n\t\t\t\t<\/dd><\/dl><br style=\"clear: both\" \/><dl class='gallery-item'>\n\t\t\t<dt class='gallery-icon landscape'>\n\t\t\t\t<a href='http:\/\/mcsi-incendie.fr\/?attachment_id=185'><img loading=\"lazy\" decoding=\"async\" width=\"150\" height=\"150\" src=\"http:\/\/mcsi-incendie.fr\/wp-content\/uploads\/2014\/11\/04-ROME-pe-altuglass-150x150.jpg\" class=\"attachment-thumbnail size-thumbnail\" alt=\"\" aria-describedby=\"gallery-1-185\" \/><\/a>\n\t\t\t<\/dt>\n\t\t\t\t<dd class='wp-caption-text gallery-caption' id='gallery-1-185'>\n\t\t\t\tPlexiglass\n\t\t\t\t<\/dd><\/dl><dl class='gallery-item'>\n\t\t\t<dt class='gallery-icon landscape'>\n\t\t\t\t<a href='http:\/\/mcsi-incendie.fr\/?attachment_id=184'><img loading=\"lazy\" decoding=\"async\" width=\"150\" height=\"150\" src=\"http:\/\/mcsi-incendie.fr\/wp-content\/uploads\/2014\/11\/03-ROMEPE-plastifie-150x150.jpg\" class=\"attachment-thumbnail size-thumbnail\" alt=\"\" aria-describedby=\"gallery-1-184\" \/><\/a>\n\t\t\t<\/dt>\n\t\t\t\t<dd class='wp-caption-text gallery-caption' id='gallery-1-184'>\n\t\t\t\tDibond\n\t\t\t\t<\/dd><\/dl>\n\t\t\t<br style='clear: both' \/>\n\t\t<\/div>\n\n<p class=\"texte\">\n","protected":false},"excerpt":{"rendered":"<p>M.C.S.I r\u00e9alise vos plans d&rsquo;\u00e9vacuation et d&rsquo;intervention ainsi que les consignes de s\u00e9curit\u00e9 et la signal\u00e9tique incendie. PLANS D\u2019\u00c9VACUATION ET D&rsquo;INTERVENTION POMPIERS Les plans d\u2019\u00e9vacuation sont destin\u00e9s \u00e0 tous les occupants form\u00e9s ou non, pour \u00a0les aider \u00e0 quitter un &hellip; <a href=\"http:\/\/mcsi-incendie.fr\/?page_id=31\">Continuer la lecture <span class=\"meta-nav\">&rarr;<\/span><\/a><\/p>\n","protected":false},"author":1,"featured_media":0,"parent":0,"menu_order":4,"comment_status":"closed","ping_status":"closed","template":"","meta":{"footnotes":""},"class_list":["post-31","page","type-page","status-publish","hentry"],"_links":{"self":[{"href":"http:\/\/mcsi-incendie.fr\/index.php?rest_route=\/wp\/v2\/pages\/31","targetHints":{"allow":["GET"]}}],"collection":[{"href":"http:\/\/mcsi-incendie.fr\/index.php?rest_route=\/wp\/v2\/pages"}],"about":[{"href":"http:\/\/mcsi-incendie.fr\/index.php?rest_route=\/wp\/v2\/types\/page"}],"author":[{"embeddable":true,"href":"http:\/\/mcsi-incendie.fr\/index.php?rest_route=\/wp\/v2\/users\/1"}],"replies":[{"embeddable":true,"href":"http:\/\/mcsi-incendie.fr\/index.php?rest_route=%2Fwp%2Fv2%2Fcomments&post=31"}],"version-history":[{"count":8,"href":"http:\/\/mcsi-incendie.fr\/index.php?rest_route=\/wp\/v2\/pages\/31\/revisions"}],"predecessor-version":[{"id":256,"href":"http:\/\/mcsi-incendie.fr\/index.php?rest_route=\/wp\/v2\/pages\/31\/revisions\/256"}],"wp:attachment":[{"href":"http:\/\/mcsi-incendie.fr\/index.php?rest_route=%2Fwp%2Fv2%2Fmedia&parent=31"}],"curies":[{"name":"wp","href":"https:\/\/api.w.org\/{rel}","templated":true}]}}