{"id":27,"date":"2014-11-17T10:28:31","date_gmt":"2014-11-17T09:28:31","guid":{"rendered":"http:\/\/mcsi-incendie.fr\/?page_id=27"},"modified":"2014-11-21T08:09:54","modified_gmt":"2014-11-21T07:09:54","slug":"le-triangle-du-feu","status":"publish","type":"page","link":"http:\/\/mcsi-incendie.fr\/?page_id=27","title":{"rendered":"Le Triangle du Feu"},"content":{"rendered":"<p>Le <b>triangle du feu<\/b> ou <b>triangle de combustion<\/b> est un mod\u00e8le simple pour comprendre les \u00e9l\u00e9ments n\u00e9cessaires pour la plupart des incendies.<\/p>\n<p><a href=\"http:\/\/mcsi-incendie.fr\/wp-content\/uploads\/2014\/11\/Triangle_du_feu.svg_.png\"><img loading=\"lazy\" decoding=\"async\" class=\" wp-image-175 alignleft\" src=\"http:\/\/mcsi-incendie.fr\/wp-content\/uploads\/2014\/11\/Triangle_du_feu.svg_-300x261.png\" alt=\"Triangle_du_feu.svg\" width=\"323\" height=\"281\" srcset=\"http:\/\/mcsi-incendie.fr\/wp-content\/uploads\/2014\/11\/Triangle_du_feu.svg_-300x261.png 300w, http:\/\/mcsi-incendie.fr\/wp-content\/uploads\/2014\/11\/Triangle_du_feu.svg_-1024x892.png 1024w, http:\/\/mcsi-incendie.fr\/wp-content\/uploads\/2014\/11\/Triangle_du_feu.svg_.png 1175w\" sizes=\"auto, (max-width: 323px) 100vw, 323px\" \/><\/a><em><strong>Le combustible<\/strong><\/em> : N&rsquo;importe quelle substance susceptible de br\u00fbler.<\/p>\n<p><em><strong>Le comburant<\/strong><\/em> : oxyg\u00e8ne \u00e0 l&rsquo;\u00e9tat pur, m\u00e9lang\u00e9 \u00e0 d&rsquo;autres gaz ou en d\u00e9composition chimique.<\/p>\n<p><em><strong>La source d\u2019\u00e9nergie<\/strong><\/em> : ou \u00e9nergie d&rsquo;activation, repr\u00e9sent\u00e9e ici par la chaleur, peut \u00e9galement l&rsquo;\u00eatre par une flamme, une \u00e9tincelle, une pression&#8230;<\/p>\n<p>&nbsp;<\/p>\n<p>La r\u00e9action chimique de combustion ne peut se produire que si l&rsquo;on r\u00e9unit trois \u00e9l\u00e9ments\u00a0: un combustible, un comburant, une \u00e9nergie d&rsquo;activation en quantit\u00e9s suffisantes. C&rsquo;est pourquoi on parle du \u00ab\u00a0triangle du feu\u00a0\u00bb.<\/p>\n<p>&nbsp;<\/p>\n","protected":false},"excerpt":{"rendered":"<p>Le triangle du feu ou triangle de combustion est un mod\u00e8le simple pour comprendre les \u00e9l\u00e9ments n\u00e9cessaires pour la plupart des incendies. Le combustible : N&rsquo;importe quelle substance susceptible de br\u00fbler. Le comburant : oxyg\u00e8ne \u00e0 l&rsquo;\u00e9tat pur, m\u00e9lang\u00e9 \u00e0 &hellip; <a href=\"http:\/\/mcsi-incendie.fr\/?page_id=27\">Continuer la lecture <span class=\"meta-nav\">&rarr;<\/span><\/a><\/p>\n","protected":false},"author":1,"featured_media":0,"parent":19,"menu_order":4,"comment_status":"closed","ping_status":"open","template":"","meta":{"footnotes":""},"class_list":["post-27","page","type-page","status-publish","hentry"],"_links":{"self":[{"href":"http:\/\/mcsi-incendie.fr\/index.php?rest_route=\/wp\/v2\/pages\/27","targetHints":{"allow":["GET"]}}],"collection":[{"href":"http:\/\/mcsi-incendie.fr\/index.php?rest_route=\/wp\/v2\/pages"}],"about":[{"href":"http:\/\/mcsi-incendie.fr\/index.php?rest_route=\/wp\/v2\/types\/page"}],"author":[{"embeddable":true,"href":"http:\/\/mcsi-incendie.fr\/index.php?rest_route=\/wp\/v2\/users\/1"}],"replies":[{"embeddable":true,"href":"http:\/\/mcsi-incendie.fr\/index.php?rest_route=%2Fwp%2Fv2%2Fcomments&post=27"}],"version-history":[{"count":3,"href":"http:\/\/mcsi-incendie.fr\/index.php?rest_route=\/wp\/v2\/pages\/27\/revisions"}],"predecessor-version":[{"id":177,"href":"http:\/\/mcsi-incendie.fr\/index.php?rest_route=\/wp\/v2\/pages\/27\/revisions\/177"}],"up":[{"embeddable":true,"href":"http:\/\/mcsi-incendie.fr\/index.php?rest_route=\/wp\/v2\/pages\/19"}],"wp:attachment":[{"href":"http:\/\/mcsi-incendie.fr\/index.php?rest_route=%2Fwp%2Fv2%2Fmedia&parent=27"}],"curies":[{"name":"wp","href":"https:\/\/api.w.org\/{rel}","templated":true}]}}