{"id":25,"date":"2014-11-17T10:27:41","date_gmt":"2014-11-17T09:27:41","guid":{"rendered":"http:\/\/mcsi-incendie.fr\/?page_id=25"},"modified":"2014-11-19T08:44:19","modified_gmt":"2014-11-19T07:44:19","slug":"classes-de-feux","status":"publish","type":"page","link":"http:\/\/mcsi-incendie.fr\/?page_id=25","title":{"rendered":"Classes de feux"},"content":{"rendered":"<h2><strong><span id=\"Classe_A\" class=\"mw-headline\">Classe A <\/span><\/strong><\/h2>\n<p><strong><span id=\"Classe_A\" class=\"mw-headline\"><a href=\"http:\/\/mcsi-incendie.fr\/wp-content\/uploads\/2014\/11\/Extincteur-classeA.svg_.png\"><img loading=\"lazy\" decoding=\"async\" class=\"alignleft wp-image-76 size-full\" src=\"http:\/\/mcsi-incendie.fr\/wp-content\/uploads\/2014\/11\/Extincteur-classeA.svg_.png\" alt=\"Extincteur-classeA.svg\" width=\"134\" height=\"134\" \/><\/a><\/span><\/strong><span id=\"Classe_A\" class=\"mw-headline\"><\/span>La classe A caract\u00e9rise les feux \u00ab\u00a0secs\u00a0\u00bb. Il s&rsquo;agit de mat\u00e9riaux solides formant des braises (cellulose, bois, papier, tissu, fourrage, coton, etc.). Ce sont des mat\u00e9riaux particuli\u00e8rement inflammables.<\/p>\n<p>Leur combustion est\u00a0:<\/p>\n<ul>\n<li>vive (avec flammes)\u00a0;<\/li>\n<li>ou lente (sans flamme visible, mais avec formation de braises incandescentes).<\/li>\n<\/ul>\n<p>La phase de combustion lente peut \u00eatre relativement longue avant que n\u2019apparaissent les premi\u00e8res flammes, notamment lorsqu&rsquo;il y a un manque de comburant. Il s\u2019agit dans ce cas de feux \u00ab\u00a0couvants\u00a0\u00bb.<\/p>\n<h2><strong><span id=\"Classe_B\" class=\"mw-headline\">Classe B<\/span><\/strong><\/h2>\n<p><a href=\"http:\/\/mcsi-incendie.fr\/wp-content\/uploads\/2014\/11\/Extincteur-classeB.svg_.png\"><img loading=\"lazy\" decoding=\"async\" class=\"alignleft wp-image-75 size-full\" src=\"http:\/\/mcsi-incendie.fr\/wp-content\/uploads\/2014\/11\/Extincteur-classeB.svg_.png\" alt=\"Extincteur-classeB.svg\" width=\"135\" height=\"135\" \/><\/a>La classe B caract\u00e9rise les feux \u00ab\u00a0gras\u00a0\u00bb. Il s&rsquo;agit des liquides et des solides liqu\u00e9fiables (hydrocarbures, goudron, brai, graisses, huiles, peintures, vernis, alcools, c\u00e9tones, solvants et produits chimiques divers). Ils flambent ou s\u2019\u00e9teignent, mais ne couvent pas. Il n\u2019y a donc pas de combustion lente et l\u2019abattage des flammes provoque directement l\u2019extinction. Leur capacit\u00e9 \u00e0 s\u2019enflammer d\u00e9pend du point d&rsquo;\u00e9clair propre \u00e0 chaque produit (temp\u00e9rature minimale \u00e0 laquelle il \u00e9met suffisamment de vapeurs pour former avec l\u2019air ambiant une atmosph\u00e8re inflammable). En revanche, il peut y avoir rallumage brutal tant que la temp\u00e9rature avoisine celle de \u00ab\u00a0l\u2019auto-inflammation\u00a0\u00bb (temp\u00e9rature \u00e0 laquelle un m\u00e9lange gazeux combustible peut s\u2019enflammer spontan\u00e9ment sans la pr\u00e9sence de flamme ou d\u2019\u00e9tincelle). C\u2019est pourquoi, l\u2019extinction compl\u00e8te ne peut \u00eatre obtenue qu\u2019apr\u00e8s une phase de refroidissement.<\/p>\n<p>Leur combustion provoque un d\u00e9gagement de gaz toxiques et\/ou corrosifs (chlore, cyanure, monoxyde de carbone, etc.) particuli\u00e8rement dangereux pour l\u2019environnement et souvent explosif \u00e0 leur tour. Lors de ce type d&rsquo;incendie les pompiers s&rsquo;assurent d&rsquo;une ventilation efficace. De plus, des r\u00e9actions chimiques impr\u00e9visibles peuvent se produire au contact de l\u2019eau, de la fum\u00e9e, des gaz chauds ou d\u2019autres produits.<\/p>\n<dl>\n<dt>Les liquides inflammables non miscibles \u00e0 l&rsquo;eau (essence, huiles, \u00e9thers, p\u00e9trole,\u00a0<abbr class=\"abbr\" title=\"et cetera\">etc.<\/abbr>)\u00a0<\/dt>\n<dd>Il est en g\u00e9n\u00e9ral impossible de les \u00e9teindre avec de l&rsquo;eau. Les liquides en feu surnageant l&rsquo;eau risquent de porter le feu dans le voisinage ou dans les \u00e9gouts. Les deux agents extincteurs les plus efficaces sont la poudre pour les feux de faible importance et la mousse pour les nappes de grande superficie.<\/dd>\n<\/dl>\n<dl>\n<dt>Les liquides inflammables miscibles \u00e0 l&rsquo;eau (alcool, acides,\u00a0<abbr class=\"abbr\" title=\"et cetera\">etc.<\/abbr>)\u00a0<\/dt>\n<dd>Un feu de faible \u00e9tendue peut \u00eatre \u00e9teint par les pompiers \u00e0 l&rsquo;aide d&rsquo;une lance en jet diffus\u00e9. Pour les feux plus importants, le CO<sub>2<\/sub> et la poudre sont les meilleurs agents d\u2019extinction.<\/dd>\n<\/dl>\n<dl>\n<dt>Les solides liqu\u00e9fiables (plastiques, caoutchoucs, goudrons,\u00a0<abbr class=\"abbr\" title=\"et cetera\">etc.<\/abbr>)\u00a0<\/dt>\n<dd>Ces feux d\u00e9gagent une grande quantit\u00e9 de chaleur et de fum\u00e9es.Ils sont g\u00e9n\u00e9ralement \u00e9teints avec de l\u2019eau ou de la mousse.<\/dd>\n<\/dl>\n<h2><strong><span id=\"Classe_C\" class=\"mw-headline\">Classe C<\/span><\/strong><\/h2>\n<p><a href=\"http:\/\/mcsi-incendie.fr\/wp-content\/uploads\/2014\/11\/Extincteur-classeC.svg_.png\"><img loading=\"lazy\" decoding=\"async\" class=\"alignleft wp-image-74 size-full\" src=\"http:\/\/mcsi-incendie.fr\/wp-content\/uploads\/2014\/11\/Extincteur-classeC.svg_.png\" alt=\"Extincteur-classeC.svg\" width=\"133\" height=\"133\" \/><\/a>La classe C caract\u00e9rise les feux de gaz (gaz naturels, gaz de p\u00e9trole liqu\u00e9fi\u00e9s comme le butane ou le propane, ou d&rsquo;autres produits \u00e0 l&rsquo;\u00e9tat gazeux comme des produits chimiques, etc.). Leur mise \u00e0 feu s&rsquo;accompagne g\u00e9n\u00e9ralement d&rsquo;une explosion, d&rsquo;autant plus violente que le m\u00e9lange air-gaz s&rsquo;effectue dans des proportions optimales entre les limites inf\u00e9rieure et sup\u00e9rieure d&rsquo;explosibilit\u00e9.<\/p>\n<p>Ces feux se pr\u00e9sentent sous forme de fuite enflamm\u00e9e, plus ou moins importante en fonction de la pression de stockage ou de transport, ainsi que du diam\u00e8tre de la fuite. Il ne faut pas chercher \u00e0 \u00e9teindre la fuite. L&rsquo;accumulation du gaz continuant \u00e0 s&rsquo;\u00e9chapper peut provoquer une explosion. L&rsquo;extinction se fait en barrant la conduite. En cas de n\u00e9cessit\u00e9 absolue, l&rsquo;extinction de la fuite s&rsquo;effectue avec de la poudre.<\/p>\n<h2><strong><span id=\"Classe_D\" class=\"mw-headline\">Classe D<\/span><\/strong><\/h2>\n<p><a href=\"http:\/\/mcsi-incendie.fr\/wp-content\/uploads\/2014\/11\/Extincteur-classeD.svg_.png\"><img loading=\"lazy\" decoding=\"async\" class=\"alignleft wp-image-73\" src=\"http:\/\/mcsi-incendie.fr\/wp-content\/uploads\/2014\/11\/Extincteur-classeD.svg_.png\" alt=\"Extincteur-classeD.svg\" width=\"135\" height=\"135\" \/><\/a>La classe <b>D<\/b> caract\u00e9rise les feux de m\u00e9taux. Les poudres D sont sp\u00e9cifiques \u00e0 chaque type de combustible et se trouvent principalement dans des environnements industriels tr\u00e8s particuliers. Leur combustion est g\u00e9n\u00e9ralement violente et tr\u00e8s luminescente.<\/p>\n<p>Au contact de l&rsquo;eau ces m\u00e9taux en feu r\u00e9agissent violemment en provoquant un d\u00e9gagement d\u2019hydrog\u00e8ne qui cr\u00e9e un risque d\u2019explosion.<\/p>\n<p>Certains m\u00e9taux, comme le sodium, le magn\u00e9sium, le potassium ou encore le phosphore blanc, peuvent s\u2019enflammer spontan\u00e9ment en pr\u00e9sence de l\u2019air, voire exploser. D\u2019autres ne peuvent le faire que lorsqu\u2019ils sont \u00e0 l\u2019\u00e9tat de poudre ou de copeaux (aluminium par exemple).<\/p>\n<h2><span id=\"Classe_F_.28K_au_Canada_et_.C3.89tats-Unis.29\" class=\"mw-headline\"><strong>Classe F<\/strong><br \/>\n<\/span><\/h2>\n<p><a href=\"http:\/\/mcsi-incendie.fr\/wp-content\/uploads\/2014\/11\/Extincteur-classeF.svg_.png\"><img loading=\"lazy\" decoding=\"async\" class=\"alignleft wp-image-72\" src=\"http:\/\/mcsi-incendie.fr\/wp-content\/uploads\/2014\/11\/Extincteur-classeF.svg_.png\" alt=\"Extincteur-classeF.svg\" width=\"135\" height=\"135\" srcset=\"http:\/\/mcsi-incendie.fr\/wp-content\/uploads\/2014\/11\/Extincteur-classeF.svg_.png 154w, http:\/\/mcsi-incendie.fr\/wp-content\/uploads\/2014\/11\/Extincteur-classeF.svg_-150x150.png 150w\" sizes=\"auto, (max-width: 135px) 100vw, 135px\" \/><\/a>La classe <b>F<\/b> a \u00e9t\u00e9 cr\u00e9\u00e9e r\u00e9cemment (1998 aux \u00c9tats-Unis, la norme NFPA 10 a nomm\u00e9 cette classe \u00ab\u00a0K\u00a0\u00bb) pour les feux li\u00e9s aux auxiliaires de cuisson (huiles et graisses) dans les appareils de cuisson. En effet, bien que ces feux soient \u00e0 proprement parler de classe B, la pr\u00e9sence g\u00e9n\u00e9ralement d&rsquo;appareils sous tension dans le voisinage du feu et le besoin d&rsquo;agents extincteurs compatibles avec la cha\u00eene alimentaire ont n\u00e9cessit\u00e9 la cr\u00e9ation de nouveaux extincteurs plus adapt\u00e9s. Ceux-ci contiennent des agents chimiques secs (par ex. ac\u00e9tate d&rsquo;ammonium) qui ont le m\u00eame effet que la mousse\u00a0: ils \u00e9touffent le feu par la cr\u00e9ation d&rsquo;un film (par saponification) \u00e0 la surface du liquide. De plus, cette classe fait porter l&rsquo;attention sur le risque important de boil over li\u00e9 \u00e0 l&rsquo;utilisation d&rsquo;eau sur ces feux.<\/p>\n<p>&nbsp;<\/p>\n","protected":false},"excerpt":{"rendered":"<p>Classe A La classe A caract\u00e9rise les feux \u00ab\u00a0secs\u00a0\u00bb. Il s&rsquo;agit de mat\u00e9riaux solides formant des braises (cellulose, bois, papier, tissu, fourrage, coton, etc.). Ce sont des mat\u00e9riaux particuli\u00e8rement inflammables. Leur combustion est\u00a0: vive (avec flammes)\u00a0; ou lente (sans flamme &hellip; <a href=\"http:\/\/mcsi-incendie.fr\/?page_id=25\">Continuer la lecture <span class=\"meta-nav\">&rarr;<\/span><\/a><\/p>\n","protected":false},"author":1,"featured_media":0,"parent":19,"menu_order":3,"comment_status":"closed","ping_status":"open","template":"","meta":{"footnotes":""},"class_list":["post-25","page","type-page","status-publish","hentry"],"_links":{"self":[{"href":"http:\/\/mcsi-incendie.fr\/index.php?rest_route=\/wp\/v2\/pages\/25","targetHints":{"allow":["GET"]}}],"collection":[{"href":"http:\/\/mcsi-incendie.fr\/index.php?rest_route=\/wp\/v2\/pages"}],"about":[{"href":"http:\/\/mcsi-incendie.fr\/index.php?rest_route=\/wp\/v2\/types\/page"}],"author":[{"embeddable":true,"href":"http:\/\/mcsi-incendie.fr\/index.php?rest_route=\/wp\/v2\/users\/1"}],"replies":[{"embeddable":true,"href":"http:\/\/mcsi-incendie.fr\/index.php?rest_route=%2Fwp%2Fv2%2Fcomments&post=25"}],"version-history":[{"count":6,"href":"http:\/\/mcsi-incendie.fr\/index.php?rest_route=\/wp\/v2\/pages\/25\/revisions"}],"predecessor-version":[{"id":132,"href":"http:\/\/mcsi-incendie.fr\/index.php?rest_route=\/wp\/v2\/pages\/25\/revisions\/132"}],"up":[{"embeddable":true,"href":"http:\/\/mcsi-incendie.fr\/index.php?rest_route=\/wp\/v2\/pages\/19"}],"wp:attachment":[{"href":"http:\/\/mcsi-incendie.fr\/index.php?rest_route=%2Fwp%2Fv2%2Fmedia&parent=25"}],"curies":[{"name":"wp","href":"https:\/\/api.w.org\/{rel}","templated":true}]}}