{"id":21,"date":"2014-11-17T09:37:25","date_gmt":"2014-11-17T08:37:25","guid":{"rendered":"http:\/\/mcsi-incendie.fr\/?page_id=21"},"modified":"2014-11-19T14:10:35","modified_gmt":"2014-11-19T13:10:35","slug":"gammes-vulcain","status":"publish","type":"page","link":"http:\/\/mcsi-incendie.fr\/?page_id=21","title":{"rendered":"Gamme Vulcain"},"content":{"rendered":"<div style=\"width: 160px\" class=\"wp-caption alignleft\"><img loading=\"lazy\" decoding=\"async\" src=\"http:\/\/www.extincteurs-andrieu.fr\/images\/common\/vulcain_abf.jpg\" alt=\"\" width=\"150\" height=\"300\" \/><p class=\"wp-caption-text\">Extincteur 6l ABF Vulcain<\/p><\/div>\n<p>Produit phare du groupe <strong>Andrieu<\/strong>, l&rsquo;<strong>extincteur Vulcain<\/strong> est con\u00e7u dans des mat\u00e9riaux extr\u00eamement solides. Il \u00e9teint aussi bien les feux domestiques que les feux industriels.<\/p>\n<p>Portatif, il est adapt\u00e9 \u00e0 tout type d&rsquo;utilisateur (particulier, restaurant, collectivit\u00e9s, etc.).<\/p>\n<p><a href=\"http:\/\/mcsi-incendie.fr\/wp-content\/uploads\/2014\/11\/label_mf.png\"><img loading=\"lazy\" decoding=\"async\" class=\"alignnone  wp-image-170\" src=\"http:\/\/mcsi-incendie.fr\/wp-content\/uploads\/2014\/11\/label_mf.png\" alt=\"label_mf\" width=\"138\" height=\"138\" \/><\/a><\/p>\n<h3><span style=\"text-decoration: underline;\"><span class=\"cufon cufon-canvas\"><span class=\"cufon-alt\">Les <\/span><\/span><span class=\"cufon cufon-canvas\"><span class=\"cufon-alt\">points <\/span><\/span><span class=\"cufon cufon-canvas\"><span class=\"cufon-alt\">forts <\/span><\/span><span class=\"cufon cufon-canvas\"><span class=\"cufon-alt\">de <\/span><\/span><span class=\"cufon cufon-canvas\"><span class=\"cufon-alt\">la <\/span><\/span><span class=\"cufon cufon-canvas\"><span class=\"cufon-alt\">gamme <\/span><\/span><span class=\"cufon cufon-canvas\"><span class=\"cufon-alt\">d&rsquo;extincteur <\/span><\/span><span class=\"cufon cufon-canvas\"><span class=\"cufon-alt\">Vulcain <\/span><\/span><span class=\"cufon cufon-canvas\"><span class=\"cufon-alt\">:<\/span><\/span><\/span><\/h3>\n<div><img loading=\"lazy\" decoding=\"async\" class=\"alignleft\" src=\"http:\/\/www.extincteurs-andrieu.fr\/images\/common\/label_nf.png\" alt=\"\" width=\"100\" height=\"100\" \/><\/div>\n<ul>\n<li>couvre les feux de classes A (bois, papiers, tissus&#8230;), B (essence, fioul, p\u00e9trole) et F (huile de cuisson) ;<\/li>\n<li>polyvalent \u00e0 base d&rsquo;eau et d&rsquo;additif ;<\/li>\n<li>foyers 13A, 183B et 25F ;<\/li>\n<li>redoutable sur les feux d&rsquo;huile de cuisson ;<\/li>\n<li>conforme \u00e0 la norme NF EN 3-7 ;<\/li>\n<li>conforme \u00e0 la directive 97\/23\/CE ;<\/li>\n<li>conforme \u00e0 la directive 96\/98\/CE Marine ;<\/li>\n<li>\u00e9quip\u00e9 d&rsquo;une cartouche Starmousse \u00e9cologique 100% recyclable, recycl\u00e9e et garantie 5 ans ;<\/li>\n<li>diffusion large permettant une approche ais\u00e9e ;<\/li>\n<li>performant sur feux braisants et hydrocarbures ;<\/li>\n<li>socle en option ;<\/li>\n<li>aucune projection en respectant une distance de s\u00e9curit\u00e9 d&rsquo;un m\u00e8tre.<\/li>\n<\/ul>\n<div>\n<div class=\"pic_2\">\n<div style=\"width: 443px\" class=\"wp-caption aligncenter\"><img loading=\"lazy\" decoding=\"async\" src=\"http:\/\/www.extincteurs-andrieu.fr\/images\/common\/vulcain_tete.jpg\" alt=\"\" width=\"433\" height=\"300\" \/><p class=\"wp-caption-text\">T\u00eate de l&rsquo;extincteur 6L ABF Vulcain<\/p><\/div>\n<p>&nbsp;<\/p>\n<\/div>\n<\/div>\n","protected":false},"excerpt":{"rendered":"<p>Produit phare du groupe Andrieu, l&rsquo;extincteur Vulcain est con\u00e7u dans des mat\u00e9riaux extr\u00eamement solides. Il \u00e9teint aussi bien les feux domestiques que les feux industriels. Portatif, il est adapt\u00e9 \u00e0 tout type d&rsquo;utilisateur (particulier, restaurant, collectivit\u00e9s, etc.). Les points forts &hellip; <a href=\"http:\/\/mcsi-incendie.fr\/?page_id=21\">Continuer la lecture <span class=\"meta-nav\">&rarr;<\/span><\/a><\/p>\n","protected":false},"author":1,"featured_media":0,"parent":82,"menu_order":1,"comment_status":"closed","ping_status":"open","template":"","meta":{"footnotes":""},"class_list":["post-21","page","type-page","status-publish","hentry"],"_links":{"self":[{"href":"http:\/\/mcsi-incendie.fr\/index.php?rest_route=\/wp\/v2\/pages\/21","targetHints":{"allow":["GET"]}}],"collection":[{"href":"http:\/\/mcsi-incendie.fr\/index.php?rest_route=\/wp\/v2\/pages"}],"about":[{"href":"http:\/\/mcsi-incendie.fr\/index.php?rest_route=\/wp\/v2\/types\/page"}],"author":[{"embeddable":true,"href":"http:\/\/mcsi-incendie.fr\/index.php?rest_route=\/wp\/v2\/users\/1"}],"replies":[{"embeddable":true,"href":"http:\/\/mcsi-incendie.fr\/index.php?rest_route=%2Fwp%2Fv2%2Fcomments&post=21"}],"version-history":[{"count":9,"href":"http:\/\/mcsi-incendie.fr\/index.php?rest_route=\/wp\/v2\/pages\/21\/revisions"}],"predecessor-version":[{"id":78,"href":"http:\/\/mcsi-incendie.fr\/index.php?rest_route=\/wp\/v2\/pages\/21\/revisions\/78"}],"up":[{"embeddable":true,"href":"http:\/\/mcsi-incendie.fr\/index.php?rest_route=\/wp\/v2\/pages\/82"}],"wp:attachment":[{"href":"http:\/\/mcsi-incendie.fr\/index.php?rest_route=%2Fwp%2Fv2%2Fmedia&parent=21"}],"curies":[{"name":"wp","href":"https:\/\/api.w.org\/{rel}","templated":true}]}}