{"id":192,"date":"2014-11-21T09:59:36","date_gmt":"2014-11-21T08:59:36","guid":{"rendered":"http:\/\/mcsi-incendie.fr\/?page_id=192"},"modified":"2014-11-21T09:59:36","modified_gmt":"2014-11-21T08:59:36","slug":"legislation","status":"publish","type":"page","link":"http:\/\/mcsi-incendie.fr\/?page_id=192","title":{"rendered":"L\u00e9gislation"},"content":{"rendered":"<p>La r\u00e9glementation en termes d\u2019alarmes incendies impose \u00e0 chaque type d\u2019\u00e9tablissement des normes sp\u00e9cifiques. N\u00e9anmoins, dans la plupart des cas les normes qui suivent se rejoignent et sont \u00e0 prendre en compte.<\/p>\n<p>Entr\u00e9 en vigueur le 1er janvier 2012, l\u2019arr\u00eat\u00e9 du 21 novembre 2011 (JO 02\/12\/2011) concerne l\u2019ensemble des demandes d\u2019autorisations de construire ou d\u2019am\u00e9nager et d\u00e9finit l\u2019obligation de d\u00e9poser un dossier v\u00e9rifiant la conformit\u00e9 des \u00e9tablissements publics en termes de s\u00e9curit\u00e9 et d\u2019accessibilit\u00e9. En outre, la v\u00e9rification de l\u2019application et la mise en place d\u2019un syst\u00e8me d\u2019alarme incendie obligatoire, ainsi que divers supports associ\u00e9s.<\/p>\n<p>Le r\u00e8glement de s\u00e9curit\u00e9 relatif aux \u00e9tablissements recevant du public d\u00e9finit qu\u2019un plan sch\u00e9matique doit \u00eatre appos\u00e9 sur les lieux afin de permettre aux sapeurs pompiers d\u2019acc\u00e9der rapidement aux lieux. Ce plan sch\u00e9matique retra\u00e7ant le sous sol, le rez-de-chauss\u00e9e, et chaque \u00e9tage de l\u2019\u00e9tablissement doit respecter la norme NF S 60-303 faisant r\u00e9f\u00e9rence aux plans et consignes de protection contre l\u2019incendie. Les \u00e9tablissements doivent diffuser le num\u00e9ro d\u2019appel des sapeurs pompiers, l\u2019adresse du centre de secours et les dispositions \u00e0 prendre en compte en cas de sinistre selon l&rsquo;article PE 27 <em>Alarme, alerte, consignes<\/em> de l&rsquo;arr\u00eat\u00e9 du 25 juin 1980, modifi\u00e9 par l&rsquo;arr\u00eat\u00e9 du 11 d\u00e9cembre 2009.<\/p>\n<p>Les \u00e9tablissements comportant des locaux \u00e0 sommeil doivent, selon les articles MS41 et PE 35 de l&rsquo;arr\u00eat\u00e9 du 25 juin 1980, disposer de plans d\u2019orientation \u00e0 chaque \u00e9tage au niveau des escaliers. De plus, chaque chambre doit comporter un plan de rep\u00e9rage lors d\u2019une \u00e9ventuelle \u00e9vacuation.<br \/>\nL\u2019article R. 4227-38 du Code du travail d\u00e9finit l\u2019obligation de diffuser les consignes de s\u00e9curit\u00e9 incendie qui doivent indiquer :<\/p>\n<ul>\n<li>Le mat\u00e9riel d&rsquo;extinction et de secours qui se trouve dans le local ou \u00e0 ses abords ;<\/li>\n<li>Les personnes charg\u00e9es de mettre ce mat\u00e9riel en action ;<\/li>\n<li>Pour chaque local, les personnes charg\u00e9es de diriger l&rsquo;\u00e9vacuation des travailleurs et \u00e9ventuellement du public ;<\/li>\n<li>Les mesures sp\u00e9cifiques li\u00e9es \u00e0 la pr\u00e9sence de personnes handicap\u00e9es, et notamment le nombre et la localisation des espaces d&rsquo;attentes s\u00e9curis\u00e9s ou des espaces \u00e9quivalents ;<\/li>\n<li>Les moyens d&rsquo;alerte ;<\/li>\n<li>Les personnes charg\u00e9es d&rsquo;aviser les sapeurs-pompiers d\u00e8s le d\u00e9but d&rsquo;un incendie ;<\/li>\n<li>L&rsquo;adresse et le num\u00e9ro d&rsquo;appel t\u00e9l\u00e9phonique du service de secours de premier appel, en caract\u00e8res apparents ;<\/li>\n<li>Le devoir, pour toute personne apercevant un d\u00e9but d&rsquo;incendie, de donner l&rsquo;alarme et de mettre en \u0153uvre les moyens de premier secours, sans attendre l&rsquo;arriv\u00e9e des travailleurs sp\u00e9cialement d\u00e9sign\u00e9s.<\/li>\n<\/ul>\n","protected":false},"excerpt":{"rendered":"<p>La r\u00e9glementation en termes d\u2019alarmes incendies impose \u00e0 chaque type d\u2019\u00e9tablissement des normes sp\u00e9cifiques. N\u00e9anmoins, dans la plupart des cas les normes qui suivent se rejoignent et sont \u00e0 prendre en compte. Entr\u00e9 en vigueur le 1er janvier 2012, l\u2019arr\u00eat\u00e9 &hellip; <a href=\"http:\/\/mcsi-incendie.fr\/?page_id=192\">Continuer la lecture <span class=\"meta-nav\">&rarr;<\/span><\/a><\/p>\n","protected":false},"author":1,"featured_media":0,"parent":37,"menu_order":2,"comment_status":"closed","ping_status":"open","template":"","meta":{"footnotes":""},"class_list":["post-192","page","type-page","status-publish","hentry"],"_links":{"self":[{"href":"http:\/\/mcsi-incendie.fr\/index.php?rest_route=\/wp\/v2\/pages\/192","targetHints":{"allow":["GET"]}}],"collection":[{"href":"http:\/\/mcsi-incendie.fr\/index.php?rest_route=\/wp\/v2\/pages"}],"about":[{"href":"http:\/\/mcsi-incendie.fr\/index.php?rest_route=\/wp\/v2\/types\/page"}],"author":[{"embeddable":true,"href":"http:\/\/mcsi-incendie.fr\/index.php?rest_route=\/wp\/v2\/users\/1"}],"replies":[{"embeddable":true,"href":"http:\/\/mcsi-incendie.fr\/index.php?rest_route=%2Fwp%2Fv2%2Fcomments&post=192"}],"version-history":[{"count":1,"href":"http:\/\/mcsi-incendie.fr\/index.php?rest_route=\/wp\/v2\/pages\/192\/revisions"}],"predecessor-version":[{"id":193,"href":"http:\/\/mcsi-incendie.fr\/index.php?rest_route=\/wp\/v2\/pages\/192\/revisions\/193"}],"up":[{"embeddable":true,"href":"http:\/\/mcsi-incendie.fr\/index.php?rest_route=\/wp\/v2\/pages\/37"}],"wp:attachment":[{"href":"http:\/\/mcsi-incendie.fr\/index.php?rest_route=%2Fwp%2Fv2%2Fmedia&parent=192"}],"curies":[{"name":"wp","href":"https:\/\/api.w.org\/{rel}","templated":true}]}}